{"id":9349,"date":"2024-08-29T11:53:07","date_gmt":"2024-08-29T09:53:07","guid":{"rendered":"https:\/\/www.inspiringbenefits.com\/aviso-legal\/"},"modified":"2024-12-17T10:44:12","modified_gmt":"2024-12-17T09:44:12","slug":"aviso-legal","status":"publish","type":"page","link":"https:\/\/www.inspiringbenefits.com\/pt-pt\/aviso-legal\/","title":{"rendered":"Aviso legal"},"content":{"rendered":"\t\t<div data-elementor-type=\"wp-page\" data-elementor-id=\"9349\" class=\"elementor elementor-9349 elementor-1744\" data-elementor-post-type=\"page\">\n\t\t\t\t<div class=\"elementor-element elementor-element-bb53a72 e-flex e-con-boxed e-con e-parent\" data-id=\"bb53a72\" data-element_type=\"container\" data-e-type=\"container\" data-settings=\"{&quot;background_background&quot;:&quot;classic&quot;}\">\n\t\t\t\t\t<div class=\"e-con-inner\">\n\t\t\t\t<div class=\"elementor-element elementor-element-05355c7 elementor-widget-divider--view-line elementor-widget elementor-widget-divider\" data-id=\"05355c7\" data-element_type=\"widget\" data-e-type=\"widget\" data-widget_type=\"divider.default\">\n\t\t\t\t<div class=\"elementor-widget-container\">\n\t\t\t\t\t\t\t<div class=\"elementor-divider\">\n\t\t\t<span class=\"elementor-divider-separator\">\n\t\t\t\t\t\t<\/span>\n\t\t<\/div>\n\t\t\t\t\t\t<\/div>\n\t\t\t\t<\/div>\n\t\t\t\t\t<\/div>\n\t\t\t\t<\/div>\n\t\t<div class=\"elementor-element elementor-element-f5be15a e-flex e-con-boxed e-con e-parent\" data-id=\"f5be15a\" data-element_type=\"container\" data-e-type=\"container\">\n\t\t\t\t\t<div class=\"e-con-inner\">\n\t\t\t\t<div class=\"elementor-element elementor-element-ed7e502 elementor-widget elementor-widget-text-editor\" data-id=\"ed7e502\" data-element_type=\"widget\" data-e-type=\"widget\" data-widget_type=\"text-editor.default\">\n\t\t\t\t<div class=\"elementor-widget-container\">\n\t\t\t\t\t\t\t\t\t<nav aria-label=\"breadcrumbs\" class=\"rank-math-breadcrumb\"><p><span class=\"last\">Inicio<\/span><\/p><\/nav>\n\t\t\t\t\t\t\t\t<\/div>\n\t\t\t\t<\/div>\n\t\t\t\t\t<\/div>\n\t\t\t\t<\/div>\n\t\t<div class=\"elementor-element elementor-element-eaed59a e-flex e-con-boxed e-con e-parent\" data-id=\"eaed59a\" data-element_type=\"container\" data-e-type=\"container\">\n\t\t\t\t\t<div class=\"e-con-inner\">\n\t\t\t\t<div class=\"elementor-element elementor-element-af2a4c1 elementor-widget elementor-widget-heading\" data-id=\"af2a4c1\" data-element_type=\"widget\" data-e-type=\"widget\" data-widget_type=\"heading.default\">\n\t\t\t\t<div class=\"elementor-widget-container\">\n\t\t\t\t\t<h3 class=\"elementor-heading-title elementor-size-default\">Consulta o nosso Aviso Legal<\/h3>\t\t\t\t<\/div>\n\t\t\t\t<\/div>\n\t\t\t\t<div class=\"elementor-element elementor-element-dec233e elementor-widget elementor-widget-text-editor\" data-id=\"dec233e\" data-element_type=\"widget\" data-e-type=\"widget\" data-widget_type=\"text-editor.default\">\n\t\t\t\t<div class=\"elementor-widget-container\">\n\t\t\t\t\t\t\t\t\t<p>Inspiring Benefits S.L., com domic\u00edlio social en Calle Vel\u00e1zquez, n\u00famero 86D, 28006, Madrid. Inspiring Benefits est\u00e1 inscrito no Registro Mercantil de Madrid, Tomo 28.105 Folio 125 Secci\u00f3n 8 Hoja M-506370 e com o CIF n.\u00ba B85936680.<\/p>\n\t\t\t\t\t\t\t\t<\/div>\n\t\t\t\t<\/div>\n\t\t\t\t<div class=\"elementor-element elementor-element-75266bb elementor-widget elementor-widget-text-editor\" data-id=\"75266bb\" data-element_type=\"widget\" data-e-type=\"widget\" data-widget_type=\"text-editor.default\">\n\t\t\t\t<div class=\"elementor-widget-container\">\n\t\t\t\t\t\t\t\t\t<p><span data-olk-copy-source=\"MessageBody\">Pode contactar-nos atrav\u00e9s deste email<\/span>: <a href=\"mailto:info@inspiringbenefits.com\">info@inspiringbenefits.com<\/a><\/p><p>O <strong>hor\u00e1rio de atendimento ao p\u00fablico<\/strong> \u00e9 de Segunda a Quinta-feira das 9:00 \u00e0s 14:00 horas e das 16:00 \u00e0s 18:30 e Sexta-feira das 9:00 \u00e0s 15:00.<\/p>\t\t\t\t\t\t\t\t<\/div>\n\t\t\t\t<\/div>\n\t\t\t\t\t<\/div>\n\t\t\t\t<\/div>\n\t\t\t\t<\/div>\n\t\t","protected":false},"excerpt":{"rendered":"<p>Consulta o nosso Aviso Legal Inspiring Benefits S.L., com domic\u00edlio social en Calle Vel\u00e1zquez, n\u00famero 86D, 28006, Madrid. Inspiring Benefits est\u00e1 inscrito no Registro Mercantil de Madrid, Tomo 28.105 Folio 125 Secci\u00f3n 8 Hoja M-506370 e com o CIF n.\u00ba B85936680. Pode contactar-nos atrav\u00e9s deste email: info@inspiringbenefits.com O hor\u00e1rio de atendimento ao p\u00fablico \u00e9 de [&hellip;]<\/p>\n","protected":false},"author":1,"featured_media":0,"parent":0,"menu_order":998,"comment_status":"closed","ping_status":"closed","template":"","meta":{"_acf_changed":false,"footnotes":""},"class_list":["post-9349","page","type-page","status-publish","hentry"],"acf":[],"_links":{"self":[{"href":"https:\/\/www.inspiringbenefits.com\/pt-pt\/wp-json\/wp\/v2\/pages\/9349","targetHints":{"allow":["GET"]}}],"collection":[{"href":"https:\/\/www.inspiringbenefits.com\/pt-pt\/wp-json\/wp\/v2\/pages"}],"about":[{"href":"https:\/\/www.inspiringbenefits.com\/pt-pt\/wp-json\/wp\/v2\/types\/page"}],"author":[{"embeddable":true,"href":"https:\/\/www.inspiringbenefits.com\/pt-pt\/wp-json\/wp\/v2\/users\/1"}],"replies":[{"embeddable":true,"href":"https:\/\/www.inspiringbenefits.com\/pt-pt\/wp-json\/wp\/v2\/comments?post=9349"}],"version-history":[{"count":10,"href":"https:\/\/www.inspiringbenefits.com\/pt-pt\/wp-json\/wp\/v2\/pages\/9349\/revisions"}],"predecessor-version":[{"id":9793,"href":"https:\/\/www.inspiringbenefits.com\/pt-pt\/wp-json\/wp\/v2\/pages\/9349\/revisions\/9793"}],"wp:attachment":[{"href":"https:\/\/www.inspiringbenefits.com\/pt-pt\/wp-json\/wp\/v2\/media?parent=9349"}],"curies":[{"name":"wp","href":"https:\/\/api.w.org\/{rel}","templated":true}]}}